{"id":1526,"date":"2023-07-31T08:58:19","date_gmt":"2023-07-31T08:58:19","guid":{"rendered":"https:\/\/haus-astoria.com\/good-to-know\/"},"modified":"2026-03-27T12:44:31","modified_gmt":"2026-03-27T12:44:31","slug":"good-to-know","status":"publish","type":"page","link":"https:\/\/haus-astoria.com\/en\/good-to-know\/","title":{"rendered":"Good to know"},"content":{"rendered":"\t\t<div data-elementor-type=\"wp-page\" data-elementor-id=\"1526\" class=\"elementor elementor-1526 elementor-1093\" data-elementor-post-type=\"page\">\n\t\t\t\t<div class=\"elementor-element elementor-element-2a9a06ea e-flex e-con-boxed e-con e-parent\" data-id=\"2a9a06ea\" data-element_type=\"container\" data-e-type=\"container\" data-settings=\"{&quot;background_background&quot;:&quot;classic&quot;}\">\n\t\t\t\t\t<div class=\"e-con-inner\">\n\t\t\t\t<div class=\"elementor-element elementor-element-37fd8ed7 elementor-invisible elementor-widget elementor-widget-heading\" data-id=\"37fd8ed7\" data-element_type=\"widget\" data-e-type=\"widget\" data-settings=\"{&quot;_animation&quot;:&quot;fadeInUp&quot;}\" data-widget_type=\"heading.default\">\n\t\t\t\t<div class=\"elementor-widget-container\">\n\t\t\t\t\t<h2 class=\"elementor-heading-title elementor-size-default\">Good to know<\/h2>\t\t\t\t<\/div>\n\t\t\t\t<\/div>\n\t\t\t\t\t<\/div>\n\t\t\t\t<\/div>\n\t\t<div class=\"elementor-element elementor-element-57220d39 e-flex e-con-boxed e-con e-parent\" data-id=\"57220d39\" data-element_type=\"container\" data-e-type=\"container\" data-settings=\"{&quot;background_background&quot;:&quot;classic&quot;}\">\n\t\t\t\t\t<div class=\"e-con-inner\">\n\t\t\t\t<div class=\"elementor-element elementor-element-1ba543ce elementor-widget elementor-widget-menu-anchor\" data-id=\"1ba543ce\" data-element_type=\"widget\" data-e-type=\"widget\" data-widget_type=\"menu-anchor.default\">\n\t\t\t\t<div class=\"elementor-widget-container\">\n\t\t\t\t\t\t\t<div class=\"elementor-menu-anchor\" id=\"location\"><\/div>\n\t\t\t\t\t\t<\/div>\n\t\t\t\t<\/div>\n\t\t<div class=\"elementor-element elementor-element-3683b45c e-flex e-con-boxed e-con e-child\" data-id=\"3683b45c\" data-element_type=\"container\" data-e-type=\"container\" data-settings=\"{&quot;motion_fx_motion_fx_scrolling&quot;:&quot;yes&quot;,&quot;motion_fx_translateY_effect&quot;:&quot;yes&quot;,&quot;motion_fx_translateY_speed&quot;:{&quot;unit&quot;:&quot;px&quot;,&quot;size&quot;:0.4,&quot;sizes&quot;:[]},&quot;motion_fx_translateY_affectedRange&quot;:{&quot;unit&quot;:&quot;%&quot;,&quot;size&quot;:&quot;&quot;,&quot;sizes&quot;:{&quot;start&quot;:0,&quot;end&quot;:100}},&quot;motion_fx_devices&quot;:[&quot;desktop&quot;,&quot;laptop&quot;,&quot;tablet_extra&quot;,&quot;tablet&quot;,&quot;mobile_extra&quot;,&quot;mobile&quot;]}\">\n\t\t\t\t\t<div class=\"e-con-inner\">\n\t\t\t\t<div class=\"elementor-element elementor-element-67768e07 elementor-invisible elementor-widget elementor-widget-heading\" data-id=\"67768e07\" data-element_type=\"widget\" data-e-type=\"widget\" data-settings=\"{&quot;_animation&quot;:&quot;fadeInUp&quot;}\" data-widget_type=\"heading.default\">\n\t\t\t\t<div class=\"elementor-widget-container\">\n\t\t\t\t\t<h2 class=\"elementor-heading-title elementor-size-default\">Location<\/h2>\t\t\t\t<\/div>\n\t\t\t\t<\/div>\n\t\t\t\t<div class=\"elementor-element elementor-element-33b73105 margin-unterueberschrift elementor-invisible elementor-widget elementor-widget-heading\" data-id=\"33b73105\" data-element_type=\"widget\" data-e-type=\"widget\" data-settings=\"{&quot;_animation&quot;:&quot;fadeInUp&quot;}\" data-widget_type=\"heading.default\">\n\t\t\t\t<div class=\"elementor-widget-container\">\n\t\t\t\t\t<h2 class=\"elementor-heading-title elementor-size-default\">In St. Leonhard in the heart of Pitztal<\/h2>\t\t\t\t<\/div>\n\t\t\t\t<\/div>\n\t\t\t\t<div class=\"elementor-element elementor-element-1469b6a1 elementor-invisible elementor-widget elementor-widget-text-editor\" data-id=\"1469b6a1\" data-element_type=\"widget\" data-e-type=\"widget\" data-settings=\"{&quot;_animation&quot;:&quot;fadeIn&quot;}\" data-widget_type=\"text-editor.default\">\n\t\t\t\t<div class=\"elementor-widget-container\">\n\t\t\t\t\t\t\t\t\t<p>Our small village St. Leonhard is located in the heart of the Pitztal and thus offers the perfect starting point for an exciting and varied winter vacation in the Tyrolean mountains.<\/p>\n\t\t\t\t\t\t\t\t<\/div>\n\t\t\t\t<\/div>\n\t\t\t\t\t<\/div>\n\t\t\t\t<\/div>\n\t\t\t\t\t<\/div>\n\t\t\t\t<\/div>\n\t\t<div class=\"elementor-element elementor-element-3625abeb e-flex e-con-boxed e-con e-parent\" data-id=\"3625abeb\" data-element_type=\"container\" data-e-type=\"container\" data-settings=\"{&quot;background_background&quot;:&quot;classic&quot;}\">\n\t\t\t\t\t<div class=\"e-con-inner\">\n\t\t<div class=\"elementor-element elementor-element-1b5d1bd7 e-con-full e-flex e-con e-child\" data-id=\"1b5d1bd7\" data-element_type=\"container\" data-e-type=\"container\" data-settings=\"{&quot;motion_fx_motion_fx_scrolling&quot;:&quot;yes&quot;,&quot;motion_fx_translateY_effect&quot;:&quot;yes&quot;,&quot;motion_fx_translateY_speed&quot;:{&quot;unit&quot;:&quot;px&quot;,&quot;size&quot;:0.4,&quot;sizes&quot;:[]},&quot;motion_fx_translateY_affectedRange&quot;:{&quot;unit&quot;:&quot;%&quot;,&quot;size&quot;:&quot;&quot;,&quot;sizes&quot;:{&quot;start&quot;:0,&quot;end&quot;:100}},&quot;motion_fx_devices&quot;:[&quot;desktop&quot;,&quot;laptop&quot;,&quot;tablet_extra&quot;,&quot;tablet&quot;,&quot;mobile_extra&quot;,&quot;mobile&quot;]}\">\n\t\t\t\t<div class=\"elementor-element elementor-element-7f9f51cb elementor-widget elementor-widget-menu-anchor\" data-id=\"7f9f51cb\" data-element_type=\"widget\" data-e-type=\"widget\" data-widget_type=\"menu-anchor.default\">\n\t\t\t\t<div class=\"elementor-widget-container\">\n\t\t\t\t\t\t\t<div class=\"elementor-menu-anchor\" id=\"arrival\"><\/div>\n\t\t\t\t\t\t<\/div>\n\t\t\t\t<\/div>\n\t\t\t\t<div class=\"elementor-element elementor-element-12ebc0a0 elementor-invisible elementor-widget elementor-widget-heading\" data-id=\"12ebc0a0\" data-element_type=\"widget\" data-e-type=\"widget\" data-settings=\"{&quot;_animation&quot;:&quot;fadeInUp&quot;}\" data-widget_type=\"heading.default\">\n\t\t\t\t<div class=\"elementor-widget-container\">\n\t\t\t\t\t<h2 class=\"elementor-heading-title elementor-size-default\">Arrival<\/h2>\t\t\t\t<\/div>\n\t\t\t\t<\/div>\n\t\t\t\t<div class=\"elementor-element elementor-element-f504cc0 margin-unterueberschrift elementor-invisible elementor-widget elementor-widget-heading\" data-id=\"f504cc0\" data-element_type=\"widget\" data-e-type=\"widget\" data-settings=\"{&quot;_animation&quot;:&quot;fadeInUp&quot;}\" data-widget_type=\"heading.default\">\n\t\t\t\t<div class=\"elementor-widget-container\">\n\t\t\t\t\t<h2 class=\"elementor-heading-title elementor-size-default\">On the fastest way<\/h2>\t\t\t\t<\/div>\n\t\t\t\t<\/div>\n\t\t\t\t<div class=\"elementor-element elementor-element-3fecb605 elementor-invisible elementor-widget elementor-widget-text-editor\" data-id=\"3fecb605\" data-element_type=\"widget\" data-e-type=\"widget\" data-settings=\"{&quot;_animation&quot;:&quot;fadeIn&quot;}\" data-widget_type=\"text-editor.default\">\n\t\t\t\t<div class=\"elementor-widget-container\">\n\t\t\t\t\t\t\t\t\t<p>Follow the A12 Inntal freeway to the Imst\/ Pitztal exit. At the traffic circle take the exit to Pitztal and follow the Pitztalstra\u00dfe L16 to Pi\u00f6smes, a small district of St. Leonhard. At the beginning of the village turn right and then immediately left and after a few meters you will find our house Astoria on the right side.<\/p>\n\t\t\t\t\t\t\t\t<\/div>\n\t\t\t\t<\/div>\n\t\t<div class=\"elementor-element elementor-element-5547619e e-flex e-con-boxed e-con e-child\" data-id=\"5547619e\" data-element_type=\"container\" data-e-type=\"container\">\n\t\t\t\t\t<div class=\"e-con-inner\">\n\t\t\t\t\t<\/div>\n\t\t\t\t<\/div>\n\t\t\t\t<\/div>\n\t\t<div class=\"elementor-element elementor-element-15dc7f68 e-con-full e-flex e-con e-child\" data-id=\"15dc7f68\" data-element_type=\"container\" data-e-type=\"container\">\n\t\t\t\t<div class=\"elementor-element elementor-element-406b9d9 elementor-widget elementor-widget-osm-map-elementor\" data-id=\"406b9d9\" data-element_type=\"widget\" data-e-type=\"widget\" data-settings=\"{&quot;motion_fx_motion_fx_scrolling&quot;:&quot;yes&quot;,&quot;motion_fx_translateY_effect&quot;:&quot;yes&quot;,&quot;motion_fx_translateY_direction&quot;:&quot;negative&quot;,&quot;motion_fx_translateY_speed&quot;:{&quot;unit&quot;:&quot;px&quot;,&quot;size&quot;:0.4,&quot;sizes&quot;:[]},&quot;motion_fx_translateY_affectedRange&quot;:{&quot;unit&quot;:&quot;%&quot;,&quot;size&quot;:&quot;&quot;,&quot;sizes&quot;:{&quot;start&quot;:0,&quot;end&quot;:100}},&quot;motion_fx_devices&quot;:[&quot;desktop&quot;,&quot;laptop&quot;,&quot;tablet_extra&quot;,&quot;tablet&quot;,&quot;mobile_extra&quot;,&quot;mobile&quot;]}\" data-widget_type=\"osm-map-elementor.default\">\n\t\t\t\t<div class=\"elementor-widget-container\">\n\t\t\t\t\t<div id=\"osm-map-406b9d9\" \n        class=\"osm-map-container\" \n        data-center=\"47.05515,10.85437\"><\/div>        <script type=\"text\/javascript\">\n                    <\/script>\n        \t\t\t\t<\/div>\n\t\t\t\t<\/div>\n\t\t\t\t<\/div>\n\t\t\t\t\t<\/div>\n\t\t\t\t<\/div>\n\t\t<div class=\"elementor-element elementor-element-4608edcf e-flex e-con-boxed e-con e-parent\" data-id=\"4608edcf\" data-element_type=\"container\" data-e-type=\"container\" data-settings=\"{&quot;background_background&quot;:&quot;classic&quot;}\">\n\t\t\t\t\t<div class=\"e-con-inner\">\n\t\t\t\t<div class=\"elementor-element elementor-element-9cc0232 elementor-widget elementor-widget-menu-anchor\" data-id=\"9cc0232\" data-element_type=\"widget\" data-e-type=\"widget\" data-widget_type=\"menu-anchor.default\">\n\t\t\t\t<div class=\"elementor-widget-container\">\n\t\t\t\t\t\t\t<div class=\"elementor-menu-anchor\" id=\"booking-information\"><\/div>\n\t\t\t\t\t\t<\/div>\n\t\t\t\t<\/div>\n\t\t<div class=\"elementor-element elementor-element-7dc695d4 e-flex e-con-boxed e-con e-child\" data-id=\"7dc695d4\" data-element_type=\"container\" data-e-type=\"container\" data-settings=\"{&quot;motion_fx_motion_fx_scrolling&quot;:&quot;yes&quot;,&quot;motion_fx_translateY_effect&quot;:&quot;yes&quot;,&quot;motion_fx_translateY_speed&quot;:{&quot;unit&quot;:&quot;px&quot;,&quot;size&quot;:0.4,&quot;sizes&quot;:[]},&quot;motion_fx_translateY_affectedRange&quot;:{&quot;unit&quot;:&quot;%&quot;,&quot;size&quot;:&quot;&quot;,&quot;sizes&quot;:{&quot;start&quot;:0,&quot;end&quot;:100}},&quot;motion_fx_devices&quot;:[&quot;desktop&quot;,&quot;laptop&quot;,&quot;tablet_extra&quot;,&quot;tablet&quot;,&quot;mobile_extra&quot;,&quot;mobile&quot;]}\">\n\t\t\t\t\t<div class=\"e-con-inner\">\n\t\t\t\t<div class=\"elementor-element elementor-element-75e70c1f elementor-invisible elementor-widget elementor-widget-heading\" data-id=\"75e70c1f\" data-element_type=\"widget\" data-e-type=\"widget\" data-settings=\"{&quot;_animation&quot;:&quot;fadeInUp&quot;}\" data-widget_type=\"heading.default\">\n\t\t\t\t<div class=\"elementor-widget-container\">\n\t\t\t\t\t<h2 class=\"elementor-heading-title elementor-size-default\">Booking&shy;information<\/h2>\t\t\t\t<\/div>\n\t\t\t\t<\/div>\n\t\t\t\t<div class=\"elementor-element elementor-element-7dc89187 margin-unterueberschrift elementor-invisible elementor-widget elementor-widget-heading\" data-id=\"7dc89187\" data-element_type=\"widget\" data-e-type=\"widget\" data-settings=\"{&quot;_animation&quot;:&quot;fadeInUp&quot;}\" data-widget_type=\"heading.default\">\n\t\t\t\t<div class=\"elementor-widget-container\">\n\t\t\t\t\t<h2 class=\"elementor-heading-title elementor-size-default\">Everything you need to know<\/h2>\t\t\t\t<\/div>\n\t\t\t\t<\/div>\n\t\t\t\t<div class=\"elementor-element elementor-element-f4a558d elementor-invisible elementor-widget elementor-widget-text-editor\" data-id=\"f4a558d\" data-element_type=\"widget\" data-e-type=\"widget\" data-settings=\"{&quot;_animation&quot;:&quot;fadeIn&quot;}\" data-widget_type=\"text-editor.default\">\n\t\t\t\t<div class=\"elementor-widget-container\">\n\t\t\t\t\t\t\t\t\t<p>Here you will find all the necessary information for a stay in the house Astoria.<\/p>\n\t\t\t\t\t\t\t\t<\/div>\n\t\t\t\t<\/div>\n\t\t\t\t<div class=\"elementor-element elementor-element-7351eb4 link-blau elementor-invisible elementor-widget elementor-widget-ucaddon_uc_icon_accordion\" data-id=\"7351eb4\" data-element_type=\"widget\" data-e-type=\"widget\" data-settings=\"{&quot;_animation&quot;:&quot;fadeIn&quot;}\" data-widget_type=\"ucaddon_uc_icon_accordion.default\">\n\t\t\t\t<div class=\"elementor-widget-container\">\n\t\t\t\t\t\n<!-- start Icon Accordion -->\n\t\t<link id='font-awesome-css' href='https:\/\/haus-astoria.com\/wp-content\/plugins\/unlimited-elements-for-elementor-premium\/assets_libraries\/font-awesome6\/fontawesome-all.min.css' type='text\/css' rel='stylesheet' >\n\t\t<link id='font-awesome-4-shim-css' href='https:\/\/haus-astoria.com\/wp-content\/plugins\/unlimited-elements-for-elementor-premium\/assets_libraries\/font-awesome6\/fontawesome-v4-shims.min.css' type='text\/css' rel='stylesheet' >\n\n<style>\/* widget: Icon Accordion *\/\n\n#uc_uc_icon_accordion_elementor_7351eb4 *{\n\tbox-sizing: border-box;\n}\n#uc_uc_icon_accordion_elementor_7351eb4 .uc_container .uc-heading\n{\n\tcursor:pointer;\n    display:flex;\n    align-items:center;\n    transition:0.3s;\n}\n#uc_uc_icon_accordion_elementor_7351eb4 .uc_container .uc-heading span.bbb\n{\n\tdisplay:block;\n\t\n}\n#uc_uc_icon_accordion_elementor_7351eb4 .uc_ac_box.uc-item-active span.uc_dactive\n{\n\tdisplay:none;\n}\n#uc_uc_icon_accordion_elementor_7351eb4 .uc_ac_box:not(.uc-item-active) span.uc_active\n{\n\tdisplay:none;\n}\n\n#uc_uc_icon_accordion_elementor_7351eb4 .ue_icon_holder,\n#uc_uc_icon_accordion_elementor_7351eb4 .ue_icon_spacing\n{\n  flex-grow:0;\n  flex-shrink:0; \n}\n#uc_uc_icon_accordion_elementor_7351eb4 .uc_content{\n\tdisplay: none;\n}\n#uc_uc_icon_accordion_elementor_7351eb4 .ue_icon\n{\n  display:flex;\n  justify-content:center;\n  align-items:center;\n  line-height:1em;\n  transition:0.3s;\n}\n\n#uc_uc_icon_accordion_elementor_7351eb4 .ue_icon svg\n{\n  height:1em;\n  width:1em;\n}\n\n#uc_uc_icon_accordion_elementor_7351eb4 .ue_expand_inside\n{\n  display:flex;\n  justify-content:center;\n  align-items:center;\n  line-height:1em;\n}\n\n#uc_uc_icon_accordion_elementor_7351eb4 .ue_expand_inside svg\n{\n  height:1em;\n  width:1em;\n}\n\n#uc_uc_icon_accordion_elementor_7351eb4 .ue_expand,\n#uc_uc_icon_accordion_elementor_7351eb4 .ue_expand_spacing\n{\n  flex-grow:0;\n  flex-shrink:0;\n}\n\n#uc_uc_icon_accordion_elementor_7351eb4 .ue_title\n{\n  flex-grow:1;\n}\n\n#uc_uc_icon_accordion_elementor_7351eb4 .uc_ac_box:last-child\n{\n  margin-bottom:0px;\n}\n\n#uc_uc_icon_accordion_elementor_7351eb4 .uc_ac_box\n{\n  overflow:hidden;\n}\n#uc_uc_icon_accordion_elementor_7351eb4_item1 .ue_icon\n{\n  background-color:;\n}\n\n#uc_uc_icon_accordion_elementor_7351eb4_item1 .ue-heading\n{\n  background-color:;\n}\n#uc_uc_icon_accordion_elementor_7351eb4_item2 .ue_icon\n{\n  background-color:;\n}\n\n#uc_uc_icon_accordion_elementor_7351eb4_item2 .ue-heading\n{\n  background-color:;\n}\n#uc_uc_icon_accordion_elementor_7351eb4_item3 .ue_icon\n{\n  background-color:;\n}\n\n#uc_uc_icon_accordion_elementor_7351eb4_item3 .ue-heading\n{\n  background-color:;\n}\n\n\n<\/style>\n\n<div class=\"uc_material_accordion \" id=\"uc_uc_icon_accordion_elementor_7351eb4\" data-name=\"\" data-closeothers=\"true\" >\n    \t<div class=\"uc_container\">\n            \n\n<div class=\"uc_ac_box \">\n  <div class=\"uc-heading uc_trigger\">\n    \n        \n    <div class=\"ue_title\">Arrival and departure<\/div>\n    \n    \n        <div class=\"ue_expand_spacing\"><\/div>\n    <div class=\"ue_expand\">\n      <div class=\"ue_expand_inside\">\n      <span class=\"uc_dactive bbb ue_accordion_icon\" ><i class='fas fa-chevron-circle-down'><\/i><\/span>\n      <span class=\"uc_active bbb ue_accordion_icon\"><i class='fas fa-chevron-circle-up'><\/i><\/span>\n      <\/div>\n    <\/div>\n        \n  <\/div>\n  <!-- end of heading -->\n  \n  \n  <div class=\"uc_content\" >\n          <p>On the day of arrival your accommodation is available from 2:00 pm. We ask you to inform us about your approximate arrival time.<\/p><p>On the day of departure we ask you to release the accommodation by 10:00 am at the latest.<\/p>.\n     \n    \n     \n    \n  <\/div>\n<\/div>\n\n\n<div class=\"uc_ac_box \">\n  <div class=\"uc-heading uc_trigger\">\n    \n        \n    <div class=\"ue_title\">Pets<\/div>\n    \n    \n        <div class=\"ue_expand_spacing\"><\/div>\n    <div class=\"ue_expand\">\n      <div class=\"ue_expand_inside\">\n      <span class=\"uc_dactive bbb ue_accordion_icon\" ><i class='fas fa-chevron-circle-down'><\/i><\/span>\n      <span class=\"uc_active bbb ue_accordion_icon\"><i class='fas fa-chevron-circle-up'><\/i><\/span>\n      <\/div>\n    <\/div>\n        \n  <\/div>\n  <!-- end of heading -->\n  \n  \n  <div class=\"uc_content\" >\n          <p>On request, pets are also allowed in our house, so nothing stands in the way of your vacation with your dog. However, we ask for your understanding that fees may apply.We kindly ask for your understanding that we charge \u20ac15 per dog per day.<\/p>\n     \n    \n     \n    \n  <\/div>\n<\/div>\n\n\n<div class=\"uc_ac_box \">\n  <div class=\"uc-heading uc_trigger\">\n    \n        \n    <div class=\"ue_title\">Cancellations<\/div>\n    \n    \n        <div class=\"ue_expand_spacing\"><\/div>\n    <div class=\"ue_expand\">\n      <div class=\"ue_expand_inside\">\n      <span class=\"uc_dactive bbb ue_accordion_icon\" ><i class='fas fa-chevron-circle-down'><\/i><\/span>\n      <span class=\"uc_active bbb ue_accordion_icon\"><i class='fas fa-chevron-circle-up'><\/i><\/span>\n      <\/div>\n    <\/div>\n        \n  <\/div>\n  <!-- end of heading -->\n  \n  \n  <div class=\"uc_content\" >\n          <p>Wir bitten Sie uns so fr\u00fch wie m\u00f6glich und in schriftlicher Form \u00fcber eine Stornierung zu informieren. Es gelten die AGBH 2006 (<a href=\"https:\/\/www.wko.at\/branchen\/tourismus-freizeitwirtschaft\/hotellerie\/AGBH_061115.pdf\">https:\/\/www.wko.at\/branchen\/tourismus-freizeitwirtschaft\/hotellerie\/AGBH_061115.pdf<\/a> ).<\/p>\n     \n    \n     \n    \n  <\/div>\n<\/div>\n\n        <\/div>\n<\/div>\n<!-- end Icon Accordion -->\t\t\t\t<\/div>\n\t\t\t\t<\/div>\n\t\t\t\t\t<\/div>\n\t\t\t\t<\/div>\n\t\t\t\t\t<\/div>\n\t\t\t\t<\/div>\n\t\t\t\t<\/div>\n\t\t","protected":false},"excerpt":{"rendered":"<p>Good to know Location In St. Leonhard in the heart of Pitztal Our small village St. Leonhard is located in the heart of the Pitztal and thus offers the perfect starting point for an exciting and varied winter vacation in the Tyrolean mountains. Arrival On the fastest way Follow the A12 Inntal freeway to the [&hellip;]<\/p>\n","protected":false},"author":3,"featured_media":0,"parent":0,"menu_order":4,"comment_status":"closed","ping_status":"closed","template":"","meta":{"footnotes":""},"class_list":["post-1526","page","type-page","status-publish","hentry"],"yoast_head":"<!-- This site is optimized with the Yoast SEO plugin v27.3 - https:\/\/yoast.com\/product\/yoast-seo-wordpress\/ -->\n<title>House Astoria | Vacation in Pitztal | St. Leonhard | Tyrol | Things to know<\/title>\n<meta name=\"description\" content=\"\u2713 Rooms and apartments in St. Leonhard im Pitztal \u2713 Vacation in Tyrol \u2713 Apartment up to 6 persons \u2713 Wellness area \u2713 Things to know\" \/>\n<meta name=\"robots\" content=\"index, follow, max-snippet:-1, max-image-preview:large, max-video-preview:-1\" \/>\n<link rel=\"canonical\" href=\"https:\/\/haus-astoria.com\/en\/good-to-know\/\" \/>\n<meta property=\"og:locale\" content=\"en_US\" \/>\n<meta property=\"og:type\" content=\"article\" \/>\n<meta property=\"og:title\" content=\"House Astoria | Vacation in Pitztal | St. Leonhard | Tyrol | Things to know\" \/>\n<meta property=\"og:description\" content=\"\u2713 Rooms and apartments in St. Leonhard im Pitztal \u2713 Vacation in Tyrol \u2713 Apartment up to 6 persons \u2713 Wellness area \u2713 Things to know\" \/>\n<meta property=\"og:url\" content=\"https:\/\/haus-astoria.com\/en\/good-to-know\/\" \/>\n<meta property=\"og:site_name\" content=\"Haus Astoria\" \/>\n<meta property=\"article:modified_time\" content=\"2026-03-27T12:44:31+00:00\" \/>\n<meta name=\"twitter:card\" content=\"summary_large_image\" \/>\n<meta name=\"twitter:label1\" content=\"Est. reading time\" \/>\n\t<meta name=\"twitter:data1\" content=\"1 minute\" \/>\n<script type=\"application\/ld+json\" class=\"yoast-schema-graph\">{\"@context\":\"https:\\\/\\\/schema.org\",\"@graph\":[{\"@type\":\"WebPage\",\"@id\":\"https:\\\/\\\/haus-astoria.com\\\/en\\\/good-to-know\\\/\",\"url\":\"https:\\\/\\\/haus-astoria.com\\\/en\\\/good-to-know\\\/\",\"name\":\"House Astoria | Vacation in Pitztal | St. Leonhard | Tyrol | Things to know\",\"isPartOf\":{\"@id\":\"https:\\\/\\\/haus-astoria.com\\\/en\\\/#website\"},\"datePublished\":\"2023-07-31T08:58:19+00:00\",\"dateModified\":\"2026-03-27T12:44:31+00:00\",\"description\":\"\u2713 Rooms and apartments in St. Leonhard im Pitztal \u2713 Vacation in Tyrol \u2713 Apartment up to 6 persons \u2713 Wellness area \u2713 Things to know\",\"breadcrumb\":{\"@id\":\"https:\\\/\\\/haus-astoria.com\\\/en\\\/good-to-know\\\/#breadcrumb\"},\"inLanguage\":\"en-US\",\"potentialAction\":[{\"@type\":\"ReadAction\",\"target\":[\"https:\\\/\\\/haus-astoria.com\\\/en\\\/good-to-know\\\/\"]}]},{\"@type\":\"BreadcrumbList\",\"@id\":\"https:\\\/\\\/haus-astoria.com\\\/en\\\/good-to-know\\\/#breadcrumb\",\"itemListElement\":[{\"@type\":\"ListItem\",\"position\":1,\"name\":\"Startseite\",\"item\":\"https:\\\/\\\/haus-astoria.com\\\/en\\\/\"},{\"@type\":\"ListItem\",\"position\":2,\"name\":\"Good to know\"}]},{\"@type\":\"WebSite\",\"@id\":\"https:\\\/\\\/haus-astoria.com\\\/en\\\/#website\",\"url\":\"https:\\\/\\\/haus-astoria.com\\\/en\\\/\",\"name\":\"Haus Astoria\",\"description\":\"Urlaub im Pitztal\",\"publisher\":{\"@id\":\"https:\\\/\\\/haus-astoria.com\\\/en\\\/#organization\"},\"potentialAction\":[{\"@type\":\"SearchAction\",\"target\":{\"@type\":\"EntryPoint\",\"urlTemplate\":\"https:\\\/\\\/haus-astoria.com\\\/en\\\/?s={search_term_string}\"},\"query-input\":{\"@type\":\"PropertyValueSpecification\",\"valueRequired\":true,\"valueName\":\"search_term_string\"}}],\"inLanguage\":\"en-US\"},{\"@type\":\"Organization\",\"@id\":\"https:\\\/\\\/haus-astoria.com\\\/en\\\/#organization\",\"name\":\"Haus Astoria\",\"url\":\"https:\\\/\\\/haus-astoria.com\\\/en\\\/\",\"logo\":{\"@type\":\"ImageObject\",\"inLanguage\":\"en-US\",\"@id\":\"https:\\\/\\\/haus-astoria.com\\\/en\\\/#\\\/schema\\\/logo\\\/image\\\/\",\"url\":\"https:\\\/\\\/haus-astoria.com\\\/wp-content\\\/uploads\\\/2023\\\/05\\\/Astoria-Logo-web.png\",\"contentUrl\":\"https:\\\/\\\/haus-astoria.com\\\/wp-content\\\/uploads\\\/2023\\\/05\\\/Astoria-Logo-web.png\",\"width\":500,\"height\":250,\"caption\":\"Haus Astoria\"},\"image\":{\"@id\":\"https:\\\/\\\/haus-astoria.com\\\/en\\\/#\\\/schema\\\/logo\\\/image\\\/\"}}]}<\/script>\n<!-- \/ Yoast SEO plugin. -->","yoast_head_json":{"title":"House Astoria | Vacation in Pitztal | St. Leonhard | Tyrol | Things to know","description":"\u2713 Rooms and apartments in St. Leonhard im Pitztal \u2713 Vacation in Tyrol \u2713 Apartment up to 6 persons \u2713 Wellness area \u2713 Things to know","robots":{"index":"index","follow":"follow","max-snippet":"max-snippet:-1","max-image-preview":"max-image-preview:large","max-video-preview":"max-video-preview:-1"},"canonical":"https:\/\/haus-astoria.com\/en\/good-to-know\/","og_locale":"en_US","og_type":"article","og_title":"House Astoria | Vacation in Pitztal | St. Leonhard | Tyrol | Things to know","og_description":"\u2713 Rooms and apartments in St. Leonhard im Pitztal \u2713 Vacation in Tyrol \u2713 Apartment up to 6 persons \u2713 Wellness area \u2713 Things to know","og_url":"https:\/\/haus-astoria.com\/en\/good-to-know\/","og_site_name":"Haus Astoria","article_modified_time":"2026-03-27T12:44:31+00:00","twitter_card":"summary_large_image","twitter_misc":{"Est. reading time":"1 minute"},"schema":{"@context":"https:\/\/schema.org","@graph":[{"@type":"WebPage","@id":"https:\/\/haus-astoria.com\/en\/good-to-know\/","url":"https:\/\/haus-astoria.com\/en\/good-to-know\/","name":"House Astoria | Vacation in Pitztal | St. Leonhard | Tyrol | Things to know","isPartOf":{"@id":"https:\/\/haus-astoria.com\/en\/#website"},"datePublished":"2023-07-31T08:58:19+00:00","dateModified":"2026-03-27T12:44:31+00:00","description":"\u2713 Rooms and apartments in St. Leonhard im Pitztal \u2713 Vacation in Tyrol \u2713 Apartment up to 6 persons \u2713 Wellness area \u2713 Things to know","breadcrumb":{"@id":"https:\/\/haus-astoria.com\/en\/good-to-know\/#breadcrumb"},"inLanguage":"en-US","potentialAction":[{"@type":"ReadAction","target":["https:\/\/haus-astoria.com\/en\/good-to-know\/"]}]},{"@type":"BreadcrumbList","@id":"https:\/\/haus-astoria.com\/en\/good-to-know\/#breadcrumb","itemListElement":[{"@type":"ListItem","position":1,"name":"Startseite","item":"https:\/\/haus-astoria.com\/en\/"},{"@type":"ListItem","position":2,"name":"Good to know"}]},{"@type":"WebSite","@id":"https:\/\/haus-astoria.com\/en\/#website","url":"https:\/\/haus-astoria.com\/en\/","name":"Haus Astoria","description":"Urlaub im Pitztal","publisher":{"@id":"https:\/\/haus-astoria.com\/en\/#organization"},"potentialAction":[{"@type":"SearchAction","target":{"@type":"EntryPoint","urlTemplate":"https:\/\/haus-astoria.com\/en\/?s={search_term_string}"},"query-input":{"@type":"PropertyValueSpecification","valueRequired":true,"valueName":"search_term_string"}}],"inLanguage":"en-US"},{"@type":"Organization","@id":"https:\/\/haus-astoria.com\/en\/#organization","name":"Haus Astoria","url":"https:\/\/haus-astoria.com\/en\/","logo":{"@type":"ImageObject","inLanguage":"en-US","@id":"https:\/\/haus-astoria.com\/en\/#\/schema\/logo\/image\/","url":"https:\/\/haus-astoria.com\/wp-content\/uploads\/2023\/05\/Astoria-Logo-web.png","contentUrl":"https:\/\/haus-astoria.com\/wp-content\/uploads\/2023\/05\/Astoria-Logo-web.png","width":500,"height":250,"caption":"Haus Astoria"},"image":{"@id":"https:\/\/haus-astoria.com\/en\/#\/schema\/logo\/image\/"}}]}},"_links":{"self":[{"href":"https:\/\/haus-astoria.com\/en\/wp-json\/wp\/v2\/pages\/1526","targetHints":{"allow":["GET"]}}],"collection":[{"href":"https:\/\/haus-astoria.com\/en\/wp-json\/wp\/v2\/pages"}],"about":[{"href":"https:\/\/haus-astoria.com\/en\/wp-json\/wp\/v2\/types\/page"}],"author":[{"embeddable":true,"href":"https:\/\/haus-astoria.com\/en\/wp-json\/wp\/v2\/users\/3"}],"replies":[{"embeddable":true,"href":"https:\/\/haus-astoria.com\/en\/wp-json\/wp\/v2\/comments?post=1526"}],"version-history":[{"count":11,"href":"https:\/\/haus-astoria.com\/en\/wp-json\/wp\/v2\/pages\/1526\/revisions"}],"predecessor-version":[{"id":1828,"href":"https:\/\/haus-astoria.com\/en\/wp-json\/wp\/v2\/pages\/1526\/revisions\/1828"}],"wp:attachment":[{"href":"https:\/\/haus-astoria.com\/en\/wp-json\/wp\/v2\/media?parent=1526"}],"curies":[{"name":"wp","href":"https:\/\/api.w.org\/{rel}","templated":true}]}}